{"id":11064,"date":"2026-04-01T11:32:54","date_gmt":"2026-04-01T11:32:54","guid":{"rendered":"https:\/\/bebalmy.com\/?page_id=11064"},"modified":"2026-04-10T14:02:24","modified_gmt":"2026-04-10T14:02:24","slug":"malaga","status":"publish","type":"page","link":"https:\/\/bebalmy.com\/en\/alojamientos\/malaga\/","title":{"rendered":"Alojamientos M\u00e1laga"},"content":{"rendered":"\t\t<div data-elementor-type=\"wp-page\" data-elementor-id=\"11064\" class=\"elementor elementor-11064\" data-elementor-post-type=\"page\">\n\t\t\t\t<div class=\"elementor-element elementor-element-a81fd37 e-flex e-con-boxed wpr-particle-no wpr-jarallax-no wpr-parallax-no wpr-sticky-section-no wpr-equal-height-no e-con e-parent\" data-id=\"a81fd37\" data-element_type=\"container\" data-e-type=\"container\" data-settings=\"{&quot;background_background&quot;:&quot;classic&quot;,&quot;background_motion_fx_motion_fx_scrolling&quot;:&quot;yes&quot;,&quot;background_motion_fx_scale_effect&quot;:&quot;yes&quot;,&quot;background_motion_fx_scale_speed&quot;:{&quot;unit&quot;:&quot;px&quot;,&quot;size&quot;:2,&quot;sizes&quot;:[]},&quot;background_motion_fx_scale_direction&quot;:&quot;out-in&quot;,&quot;background_motion_fx_scale_range&quot;:{&quot;unit&quot;:&quot;%&quot;,&quot;size&quot;:&quot;&quot;,&quot;sizes&quot;:{&quot;start&quot;:20,&quot;end&quot;:80}},&quot;background_motion_fx_devices&quot;:[&quot;desktop&quot;,&quot;laptop&quot;,&quot;tablet&quot;,&quot;mobile&quot;]}\">\n\t\t\t\t\t<div class=\"e-con-inner\">\n\t\t<div class=\"elementor-element elementor-element-604635d e-con-full e-flex wpr-particle-no wpr-jarallax-no wpr-parallax-no wpr-sticky-section-no wpr-equal-height-no e-con e-child\" data-id=\"604635d\" data-element_type=\"container\" data-e-type=\"container\">\n\t\t\t\t<div class=\"elementor-element elementor-element-65d12c2 elementor-widget elementor-widget-heading\" data-id=\"65d12c2\" data-element_type=\"widget\" data-e-type=\"widget\" data-widget_type=\"heading.default\">\n\t\t\t\t\t<h1 class=\"elementor-heading-title elementor-size-default\">Destino <span>m\u00e1laga<\/span><\/h1>\t\t\t\t<\/div>\n\t\t\t\t<div class=\"elementor-element elementor-element-eaadb9a elementor-widget-tablet__width-inherit elementor-widget-laptop__width-inherit elementor-widget__width-initial elementor-widget elementor-widget-text-editor\" data-id=\"eaadb9a\" data-element_type=\"widget\" data-e-type=\"widget\" data-widget_type=\"text-editor.default\">\n\t\t\t\t\t\t\t\t\t<p>Descubre los mejores alojamientos en M\u00e1laga. Reserva en nuestra plataforma sin pagar ni un duro de m\u00e1s.<\/p>\t\t\t\t\t\t\t\t<\/div>\n\t\t\t\t<\/div>\n\t\t\t\t\t<\/div>\n\t\t\t\t<\/div>\n\t\t<div class=\"elementor-element elementor-element-c35491f e-con-full e-flex wpr-particle-no wpr-jarallax-no wpr-parallax-no wpr-sticky-section-no wpr-equal-height-no e-con e-parent\" data-id=\"c35491f\" data-element_type=\"container\" data-e-type=\"container\" data-settings=\"{&quot;background_background&quot;:&quot;classic&quot;}\">\n\t\t<div class=\"elementor-element elementor-element-4d5c647 e-con-full e-flex wpr-particle-no wpr-jarallax-no wpr-parallax-no wpr-sticky-section-no wpr-equal-height-no e-con e-child\" data-id=\"4d5c647\" data-element_type=\"container\" data-e-type=\"container\">\n\t\t<div class=\"elementor-element elementor-element-665dd3c e-con-full e-flex wpr-particle-no wpr-jarallax-no wpr-parallax-no wpr-sticky-section-no wpr-equal-height-no e-con e-child\" data-id=\"665dd3c\" data-element_type=\"container\" data-e-type=\"container\" data-settings=\"{&quot;sticky&quot;:&quot;top&quot;,&quot;sticky_on&quot;:[&quot;desktop&quot;,&quot;laptop&quot;],&quot;sticky_offset&quot;:30,&quot;sticky_parent&quot;:&quot;yes&quot;,&quot;sticky_effects_offset&quot;:0,&quot;sticky_anchor_link_offset&quot;:0}\">\n\t\t\t\t<div class=\"elementor-element elementor-element-3ef23fc elementor-widget elementor-widget-shortcode\" data-id=\"3ef23fc\" data-element_type=\"widget\" data-e-type=\"widget\" data-widget_type=\"shortcode.default\">\n\t\t\t\t\t\t\t<div class=\"elementor-shortcode\"><div class=\"hfy-wrap hfy-theme1 \"><script>\nvar\nmapPrices = true,\nmgreyImg = 'https:\/\/bebalmy.com\/wp-content\/plugins\/hostify-booking\/public\/res\/images\/mgrey.png',\nmredImg = 'https:\/\/bebalmy.com\/wp-content\/plugins\/hostify-booking\/public\/res\/images\/mred.png',\nmeImg = 'https:\/\/bebalmy.com\/wp-content\/plugins\/hostify-booking\/public\/res\/images\/mc.png',\nhfyPerPage = 20,\nhfyMapMarkers = [[203791,36.613633,-4.5033178,\"\\u20ac 60\"],[202399,36.6252411,-4.4986314,\"\\u20ac 38\"]],\nhfyMapMarkersClusters = false,\nlat = 36.61943705,\nlng = -4.5009746;\n\n<\/script>\n\n\t<div class=\"hfy-map-wrapper\">\n\t\t<div class=\"hfy-listing-map\"><\/div>\n\n\t\t\n\t<\/div>\n\n<div class=\"info-window-content-wrap\" style='display:none'>\n\t\n<div class=\"info-window-content\">\n\t<a class=\"iwc-link\" href=\"#\">\n\t\t<div class=\"img\"><img decoding=\"async\" src=\"https:\/\/bebalmy.com\/wp-content\/plugins\/hostify-booking\/public\/res\/images\/loading.svg\" \/><\/div>\n\t\t<div class=\"info\">\n\t\t\t<div class=\"title\"><\/div>\n\t\t\t<div class=\"description\">\n\t\t\t\t<span class='text'><\/span>\n\t\t\t\t<span class='price-box'><\/span>\n\t\t\t<\/div>\n\t\t<\/div>\n\t<\/a>\n<\/div>\n<\/div>\n<\/div>\n<\/div>\n\t\t\t\t\t\t<\/div>\n\t\t\t\t<\/div>\n\t\t<div class=\"elementor-element elementor-element-c8d15e1 e-con-full e-flex wpr-particle-no wpr-jarallax-no wpr-parallax-no wpr-sticky-section-no wpr-equal-height-no e-con e-child\" data-id=\"c8d15e1\" data-element_type=\"container\" data-e-type=\"container\">\n\t\t\t\t<div class=\"elementor-element elementor-element-ac4b5a9 elementor-widget__width-inherit elementor-widget-tablet__width-inherit elementor-widget elementor-widget-shortcode\" data-id=\"ac4b5a9\" data-element_type=\"widget\" data-e-type=\"widget\" data-widget_type=\"shortcode.default\">\n\t\t\t\t\t\t\t<div class=\"elementor-shortcode\"><div class=\"hfy-wrap hfy-theme1 \"><script>\nwindow.listingsNoResult = false;\n<\/script>\n<script>var hfyltm=2;<\/script>\n<div class=\"hfy-widget-wrap-listings\">\n\t<div>\n\t\t\n<div class=\"hfy-widget-wrap\">\n\t<div class=\"listings\">\n\n        \n        <div class=\"section\">\n            <div class=\"container\">\n                                    <div class=\"row listing-block\">\n                        \n                            \n                            <div id=\"lb-203791\" class=\"col-xs-12 col-sm-6 col-md-6\">\n                                \n<div class=\"list-card \" >\n\n    \n    <a href=\"https:\/\/bebalmy.com\/en\/alojamientos\/urban-oasis-with-pool-by-bebalmy\/?id=203791&long_term_mode=2\" class=\"nostylish-hover\" target=\"_self\">\n\n                    <div class=\"img\">\n\t\t\t\t<div class=\"listing-guests\">\n\t\t\t\t<svg width=\"16\" height=\"16\" viewBox=\"0 0 24 24\" fill=\"none\" stroke=\"currentColor\" stroke-width=\"2\">\n\t\t\t\t\t\t<path d=\"M20 21v-2a4 4 0 0 0-4-4H8a4 4 0 0 0-4 4v2\"\/>\n\t\t\t\t\t\t<circle cx=\"12\" cy=\"7\" r=\"4\"\/>\n\t\t\t\t\t<\/svg>\n\t\t\t\t\t<span>4<\/span>\n\t\t\t\t<\/div>\n                <img decoding=\"async\" src=\"https:\/\/img.hostify.com\/948\/listing\/dc413318c861db2d2dbbe458d47d5bca-md.jpg\" alt=\"Urban Oasis with Pool in Malaga Centro by beBalmy beBalmy\" loading=\"lazy\" \/>\n                \n            <\/div>\n        \n        <div class=\"info\">\n\n            <div class=\"description\">\n                                    Urban Oasis with Pool in Malaga Centro by beBalmy                            <\/div>\n\n            <!-- Ubicaci\u00f3n del listing -->\n            <div class=\"listing-location\">\n                M\u00e1laga, Spain            <\/div>\n\n            \t\t\t\t\t\n<span class=\"hfy-listing-reviews-stars\">\n\t<div class=\"d-sm-block stars-main\">\n\t\t<span>\n\t\t\t<svg width=\"100\" height=\"18\" viewBox=\"0 0 100 16\"><g stroke=\"none\" fill=\"#E4E5E6\" stroke-width=\"0\"><g><polygon points=\"8 11.6000001 3.29771798 14.472136 4.57619641 9.11246122 0.39154787 5.52786405 5.88397301 5.0875387 8 0 10.116027 5.0875387 15.6084521 5.52786405 11.4238036 9.11246122 12.702282 14.472136\"><\/polygon><\/g><g transform='translate(20)'><polygon points=\"8 11.6000001 3.29771798 14.472136 4.57619641 9.11246122 0.39154787 5.52786405 5.88397301 5.0875387 8 0 10.116027 5.0875387 15.6084521 5.52786405 11.4238036 9.11246122 12.702282 14.472136\"><\/polygon><\/g><g transform='translate(40)'><polygon points=\"8 11.6000001 3.29771798 14.472136 4.57619641 9.11246122 0.39154787 5.52786405 5.88397301 5.0875387 8 0 10.116027 5.0875387 15.6084521 5.52786405 11.4238036 9.11246122 12.702282 14.472136\"><\/polygon><\/g><g transform='translate(60)'><polygon points=\"8 11.6000001 3.29771798 14.472136 4.57619641 9.11246122 0.39154787 5.52786405 5.88397301 5.0875387 8 0 10.116027 5.0875387 15.6084521 5.52786405 11.4238036 9.11246122 12.702282 14.472136\"><\/polygon><\/g><g transform='translate(80)'><polygon points=\"8 11.6000001 3.29771798 14.472136 4.57619641 9.11246122 0.39154787 5.52786405 5.88397301 5.0875387 8 0 10.116027 5.0875387 15.6084521 5.52786405 11.4238036 9.11246122 12.702282 14.472136\"><\/polygon><\/g><\/g><\/svg>\n\t\t\t<span style=\"height:20px;width:100px\">\n\t\t\t\t<svg width=\"100\" height=\"18\" viewBox=\"0 0 100 16\"><g stroke=\"none\" fill=\"orange\" stroke-width=\"0\"><g><polygon points=\"8 11.6000001 3.29771798 14.472136 4.57619641 9.11246122 0.39154787 5.52786405 5.88397301 5.0875387 8 0 10.116027 5.0875387 15.6084521 5.52786405 11.4238036 9.11246122 12.702282 14.472136\"><\/polygon><\/g><g transform='translate(20)'><polygon points=\"8 11.6000001 3.29771798 14.472136 4.57619641 9.11246122 0.39154787 5.52786405 5.88397301 5.0875387 8 0 10.116027 5.0875387 15.6084521 5.52786405 11.4238036 9.11246122 12.702282 14.472136\"><\/polygon><\/g><g transform='translate(40)'><polygon points=\"8 11.6000001 3.29771798 14.472136 4.57619641 9.11246122 0.39154787 5.52786405 5.88397301 5.0875387 8 0 10.116027 5.0875387 15.6084521 5.52786405 11.4238036 9.11246122 12.702282 14.472136\"><\/polygon><\/g><g transform='translate(60)'><polygon points=\"8 11.6000001 3.29771798 14.472136 4.57619641 9.11246122 0.39154787 5.52786405 5.88397301 5.0875387 8 0 10.116027 5.0875387 15.6084521 5.52786405 11.4238036 9.11246122 12.702282 14.472136\"><\/polygon><\/g><g transform='translate(80)'><polygon points=\"8 11.6000001 3.29771798 14.472136 4.57619641 9.11246122 0.39154787 5.52786405 5.88397301 5.0875387 8 0 10.116027 5.0875387 15.6084521 5.52786405 11.4238036 9.11246122 12.702282 14.472136\"><\/polygon><\/g><\/g><\/svg>\n\t\t\t<\/span>\n\t\t<\/span>\n\t<\/div>\n<\/span>\n\t\t\t\n            <div class=\"title\">\n                                    <span class=\"prefix\">From<\/span>\n                \n                \u20ac&nbsp;60                \n                                    <span class=\"suffix\"> \/ night<\/span>\n                            <\/div>\n\n            \n        <\/div>\n    <\/a>\n<\/div>                            <\/div>\n                        \n                            \n                            <div id=\"lb-202399\" class=\"col-xs-12 col-sm-6 col-md-6\">\n                                \n<div class=\"list-card \" >\n\n    \n    <a href=\"https:\/\/bebalmy.com\/en\/alojamientos\/al-125-torremolinos-rio--studio-in-torremolinos-by-bebalmy\/?id=202399&long_term_mode=2\" class=\"nostylish-hover\" target=\"_self\">\n\n                    <div class=\"img\">\n\t\t\t\t<div class=\"listing-guests\">\n\t\t\t\t<svg width=\"16\" height=\"16\" viewBox=\"0 0 24 24\" fill=\"none\" stroke=\"currentColor\" stroke-width=\"2\">\n\t\t\t\t\t\t<path d=\"M20 21v-2a4 4 0 0 0-4-4H8a4 4 0 0 0-4 4v2\"\/>\n\t\t\t\t\t\t<circle cx=\"12\" cy=\"7\" r=\"4\"\/>\n\t\t\t\t\t<\/svg>\n\t\t\t\t\t<span>3<\/span>\n\t\t\t\t<\/div>\n                <img decoding=\"async\" src=\"https:\/\/img.hostify.com\/948\/listing\/57ae0831b0cd85779ff70cbd25e988a1-md.jpg\" alt=\"Studio in Torremolinos by beBalmy beBalmy\" loading=\"lazy\" \/>\n                \n            <\/div>\n        \n        <div class=\"info\">\n\n            <div class=\"description\">\n                                    Studio in Torremolinos by beBalmy                            <\/div>\n\n            <!-- Ubicaci\u00f3n del listing -->\n            <div class=\"listing-location\">\n                M\u00e1laga, Spain            <\/div>\n\n            \t\t\t\t\t\n<span class=\"hfy-listing-reviews-stars\">\n\t<div class=\"d-sm-block stars-main\">\n\t\t<span>\n\t\t\t<svg width=\"100\" height=\"18\" viewBox=\"0 0 100 16\"><g stroke=\"none\" fill=\"#E4E5E6\" stroke-width=\"0\"><g><polygon points=\"8 11.6000001 3.29771798 14.472136 4.57619641 9.11246122 0.39154787 5.52786405 5.88397301 5.0875387 8 0 10.116027 5.0875387 15.6084521 5.52786405 11.4238036 9.11246122 12.702282 14.472136\"><\/polygon><\/g><g transform='translate(20)'><polygon points=\"8 11.6000001 3.29771798 14.472136 4.57619641 9.11246122 0.39154787 5.52786405 5.88397301 5.0875387 8 0 10.116027 5.0875387 15.6084521 5.52786405 11.4238036 9.11246122 12.702282 14.472136\"><\/polygon><\/g><g transform='translate(40)'><polygon points=\"8 11.6000001 3.29771798 14.472136 4.57619641 9.11246122 0.39154787 5.52786405 5.88397301 5.0875387 8 0 10.116027 5.0875387 15.6084521 5.52786405 11.4238036 9.11246122 12.702282 14.472136\"><\/polygon><\/g><g transform='translate(60)'><polygon points=\"8 11.6000001 3.29771798 14.472136 4.57619641 9.11246122 0.39154787 5.52786405 5.88397301 5.0875387 8 0 10.116027 5.0875387 15.6084521 5.52786405 11.4238036 9.11246122 12.702282 14.472136\"><\/polygon><\/g><g transform='translate(80)'><polygon points=\"8 11.6000001 3.29771798 14.472136 4.57619641 9.11246122 0.39154787 5.52786405 5.88397301 5.0875387 8 0 10.116027 5.0875387 15.6084521 5.52786405 11.4238036 9.11246122 12.702282 14.472136\"><\/polygon><\/g><\/g><\/svg>\n\t\t\t<span style=\"height:20px;width:100px\">\n\t\t\t\t<svg width=\"100\" height=\"18\" viewBox=\"0 0 100 16\"><g stroke=\"none\" fill=\"orange\" stroke-width=\"0\"><g><polygon points=\"8 11.6000001 3.29771798 14.472136 4.57619641 9.11246122 0.39154787 5.52786405 5.88397301 5.0875387 8 0 10.116027 5.0875387 15.6084521 5.52786405 11.4238036 9.11246122 12.702282 14.472136\"><\/polygon><\/g><g transform='translate(20)'><polygon points=\"8 11.6000001 3.29771798 14.472136 4.57619641 9.11246122 0.39154787 5.52786405 5.88397301 5.0875387 8 0 10.116027 5.0875387 15.6084521 5.52786405 11.4238036 9.11246122 12.702282 14.472136\"><\/polygon><\/g><g transform='translate(40)'><polygon points=\"8 11.6000001 3.29771798 14.472136 4.57619641 9.11246122 0.39154787 5.52786405 5.88397301 5.0875387 8 0 10.116027 5.0875387 15.6084521 5.52786405 11.4238036 9.11246122 12.702282 14.472136\"><\/polygon><\/g><g transform='translate(60)'><polygon points=\"8 11.6000001 3.29771798 14.472136 4.57619641 9.11246122 0.39154787 5.52786405 5.88397301 5.0875387 8 0 10.116027 5.0875387 15.6084521 5.52786405 11.4238036 9.11246122 12.702282 14.472136\"><\/polygon><\/g><g transform='translate(80)'><polygon points=\"8 11.6000001 3.29771798 14.472136 4.57619641 9.11246122 0.39154787 5.52786405 5.88397301 5.0875387 8 0 10.116027 5.0875387 15.6084521 5.52786405 11.4238036 9.11246122 12.702282 14.472136\"><\/polygon><\/g><\/g><\/svg>\n\t\t\t<\/span>\n\t\t<\/span>\n\t<\/div>\n<\/span>\n\t\t\t\n            <div class=\"title\">\n                                    <span class=\"prefix\">From<\/span>\n                \n                \u20ac&nbsp;38                \n                                    <span class=\"suffix\"> \/ night<\/span>\n                            <\/div>\n\n            \n        <\/div>\n    <\/a>\n<\/div>                            <\/div>\n                                            <\/div>\n                            <\/div>\n        <\/div>\n\n        \n    <\/div>\n<\/div>\n\t<\/div>\n\t<span class=\"hfy-wwl-none\" style=\"display:none\"><div class=\"alert alert-primary\" role=\"alert\">\n    No available properties for your search.\n    <br\/>\n    Try to change the filter conditions.\n            <br\/>\n        Try to move or resize the map.    \n<\/div>\n<\/span>\n\t<span class=\"hfy-wwl-updating\" style=\"display:none\"><\/span>\n<\/div>\n<\/div><\/div>\n\t\t\t\t\t\t<\/div>\n\t\t\t\t<\/div>\n\t\t\t\t<\/div>\n\t\t\t\t<\/div>\n\t\t\t\t<\/div>\n\t\t","protected":false},"excerpt":{"rendered":"<p>Destino m\u00e1laga Descubre los mejores alojamientos en M\u00e1laga. Reserva en nuestra plataforma sin pagar ni un duro de m\u00e1s.<\/p>","protected":false},"author":102,"featured_media":0,"parent":9341,"menu_order":0,"comment_status":"closed","ping_status":"closed","template":"elementor_header_footer","meta":{"_acf_changed":false,"footnotes":""},"class_list":{"0":"post-11064","1":"page","2":"type-page","3":"status-publish","5":"infinite-scroll-item","6":"no-featured-image-padding"},"acf":[],"yoast_head":"<!-- This site is optimized with the Yoast SEO plugin v27.4 - https:\/\/yoast.com\/product\/yoast-seo-wordpress\/ -->\n<title>Alojamientos M\u00e1laga - beBalmy<\/title>\n<meta name=\"robots\" content=\"index, follow, max-snippet:-1, max-image-preview:large, max-video-preview:-1\" \/>\n<link rel=\"canonical\" href=\"https:\/\/bebalmy.com\/en\/alojamientos\/malaga\/\" \/>\n<meta property=\"og:locale\" content=\"en_US\" \/>\n<meta property=\"og:type\" content=\"article\" \/>\n<meta property=\"og:title\" content=\"Alojamientos M\u00e1laga - beBalmy\" \/>\n<meta property=\"og:description\" content=\"Destino m\u00e1laga Descubre los mejores alojamientos en M\u00e1laga. Reserva en nuestra plataforma sin pagar ni un duro de m\u00e1s.\" \/>\n<meta property=\"og:url\" content=\"https:\/\/bebalmy.com\/en\/alojamientos\/malaga\/\" \/>\n<meta property=\"og:site_name\" content=\"beBalmy\" \/>\n<meta property=\"article:modified_time\" content=\"2026-04-10T14:02:24+00:00\" \/>\n<meta name=\"twitter:card\" content=\"summary_large_image\" \/>\n<meta name=\"twitter:label1\" content=\"Est. reading time\" \/>\n\t<meta name=\"twitter:data1\" content=\"1 minute\" \/>\n<!-- \/ Yoast SEO plugin. -->","yoast_head_json":{"title":"Alojamientos M\u00e1laga - beBalmy","robots":{"index":"index","follow":"follow","max-snippet":"max-snippet:-1","max-image-preview":"max-image-preview:large","max-video-preview":"max-video-preview:-1"},"canonical":"https:\/\/bebalmy.com\/en\/alojamientos\/malaga\/","og_locale":"en_US","og_type":"article","og_title":"Alojamientos M\u00e1laga - beBalmy","og_description":"Destino m\u00e1laga Descubre los mejores alojamientos en M\u00e1laga. Reserva en nuestra plataforma sin pagar ni un duro de m\u00e1s.","og_url":"https:\/\/bebalmy.com\/en\/alojamientos\/malaga\/","og_site_name":"beBalmy","article_modified_time":"2026-04-10T14:02:24+00:00","twitter_card":"summary_large_image","twitter_misc":{"Est. reading time":"1 minute"},"schema":{"@context":"https:\/\/schema.org","@graph":[{"@type":"WebPage","@id":"https:\/\/bebalmy.com\/alojamientos\/malaga\/","url":"https:\/\/bebalmy.com\/alojamientos\/malaga\/","name":"Alojamientos M\u00e1laga - beBalmy","isPartOf":{"@id":"https:\/\/bebalmy.com\/#website"},"datePublished":"2026-04-01T11:32:54+00:00","dateModified":"2026-04-10T14:02:24+00:00","breadcrumb":{"@id":"https:\/\/bebalmy.com\/alojamientos\/malaga\/#breadcrumb"},"inLanguage":"en-US","potentialAction":[{"@type":"ReadAction","target":["https:\/\/bebalmy.com\/alojamientos\/malaga\/"]}]},{"@type":"BreadcrumbList","@id":"https:\/\/bebalmy.com\/alojamientos\/malaga\/#breadcrumb","itemListElement":[{"@type":"ListItem","position":1,"name":"Portada","item":"https:\/\/bebalmy.com\/"},{"@type":"ListItem","position":2,"name":"Alojamientos","item":"https:\/\/bebalmy.com\/alojamientos\/"},{"@type":"ListItem","position":3,"name":"Alojamientos M\u00e1laga"}]},{"@type":"WebSite","@id":"https:\/\/bebalmy.com\/#website","url":"https:\/\/bebalmy.com\/","name":"beBalmy","description":"Gestionamos tu apartamento tur\u00edstico en Madrid","publisher":{"@id":"https:\/\/bebalmy.com\/#organization"},"potentialAction":[{"@type":"SearchAction","target":{"@type":"EntryPoint","urlTemplate":"https:\/\/bebalmy.com\/?s={search_term_string}"},"query-input":{"@type":"PropertyValueSpecification","valueRequired":true,"valueName":"search_term_string"}}],"inLanguage":"en-US"},{"@type":"Organization","@id":"https:\/\/bebalmy.com\/#organization","name":"beBalmy","url":"https:\/\/bebalmy.com\/","logo":{"@type":"ImageObject","inLanguage":"en-US","@id":"https:\/\/bebalmy.com\/#\/schema\/logo\/image\/","url":"https:\/\/bebalmy.com\/wp-content\/uploads\/2023\/08\/beBalmy-logoFinal2.png","contentUrl":"https:\/\/bebalmy.com\/wp-content\/uploads\/2023\/08\/beBalmy-logoFinal2.png","width":1367,"height":531,"caption":"beBalmy"},"image":{"@id":"https:\/\/bebalmy.com\/#\/schema\/logo\/image\/"}}]}},"_links":{"self":[{"href":"https:\/\/bebalmy.com\/en\/wp-json\/wp\/v2\/pages\/11064","targetHints":{"allow":["GET"]}}],"collection":[{"href":"https:\/\/bebalmy.com\/en\/wp-json\/wp\/v2\/pages"}],"about":[{"href":"https:\/\/bebalmy.com\/en\/wp-json\/wp\/v2\/types\/page"}],"author":[{"embeddable":true,"href":"https:\/\/bebalmy.com\/en\/wp-json\/wp\/v2\/users\/102"}],"replies":[{"embeddable":true,"href":"https:\/\/bebalmy.com\/en\/wp-json\/wp\/v2\/comments?post=11064"}],"version-history":[{"count":25,"href":"https:\/\/bebalmy.com\/en\/wp-json\/wp\/v2\/pages\/11064\/revisions"}],"predecessor-version":[{"id":11527,"href":"https:\/\/bebalmy.com\/en\/wp-json\/wp\/v2\/pages\/11064\/revisions\/11527"}],"up":[{"embeddable":true,"href":"https:\/\/bebalmy.com\/en\/wp-json\/wp\/v2\/pages\/9341"}],"wp:attachment":[{"href":"https:\/\/bebalmy.com\/en\/wp-json\/wp\/v2\/media?parent=11064"}],"curies":[{"name":"wp","href":"https:\/\/api.w.org\/{rel}","templated":true}]}}