{"id":11259,"date":"2026-04-08T00:37:14","date_gmt":"2026-04-08T00:37:14","guid":{"rendered":"https:\/\/bebalmy.com\/?page_id=11259"},"modified":"2026-04-10T22:15:22","modified_gmt":"2026-04-10T22:15:22","slug":"gracias-contacto","status":"publish","type":"page","link":"https:\/\/bebalmy.com\/en\/gracias-contacto\/","title":{"rendered":"Gracias contacto"},"content":{"rendered":"<div data-elementor-type=\"wp-page\" data-elementor-id=\"11259\" class=\"elementor elementor-11259\" data-elementor-post-type=\"page\">\n\t\t\t\t<div class=\"elementor-element elementor-element-6030d7b e-flex e-con-boxed wpr-particle-no wpr-jarallax-no wpr-parallax-no wpr-sticky-section-no wpr-equal-height-no e-con e-parent\" data-id=\"6030d7b\" data-element_type=\"container\" data-e-type=\"container\" data-settings=\"{&quot;background_background&quot;:&quot;classic&quot;}\">\n\t\t\t\t\t<div class=\"e-con-inner\">\n\t\t<div class=\"elementor-element elementor-element-60fb25e e-con-full e-flex wpr-particle-no wpr-jarallax-no wpr-parallax-no wpr-sticky-section-no wpr-equal-height-no e-con e-child\" data-id=\"60fb25e\" data-element_type=\"container\" data-e-type=\"container\">\n\t\t<div class=\"elementor-element elementor-element-c4d063a e-con-full e-flex wpr-particle-no wpr-jarallax-no wpr-parallax-no wpr-sticky-section-no wpr-equal-height-no e-con e-child\" data-id=\"c4d063a\" data-element_type=\"container\" data-e-type=\"container\">\n\t\t\t\t<div class=\"elementor-element elementor-element-428d638 elementor-widget elementor-widget-heading\" data-id=\"428d638\" data-element_type=\"widget\" data-e-type=\"widget\" data-widget_type=\"heading.default\">\n\t\t\t\t\t<span class=\"elementor-heading-title elementor-size-default\">Thank you<\/span>\t\t\t\t<\/div>\n\t\t\t\t<div class=\"elementor-element elementor-element-e67b2f9 elementor-widget-tablet__width-inherit elementor-widget elementor-widget-heading\" data-id=\"e67b2f9\" data-element_type=\"widget\" data-e-type=\"widget\" data-widget_type=\"heading.default\">\n\t\t\t\t\t<h1 class=\"elementor-heading-title elementor-size-default\">We received your message<\/h1>\t\t\t\t<\/div>\n\t\t<div class=\"elementor-element elementor-element-38c3e35 e-con-full e-flex wpr-particle-no wpr-jarallax-no wpr-parallax-no wpr-sticky-section-no wpr-equal-height-no e-con e-child\" data-id=\"38c3e35\" data-element_type=\"container\" data-e-type=\"container\">\n\t\t\t\t<div class=\"elementor-element elementor-element-5ea37f5 elementor-widget-tablet__width-inherit elementor-widget elementor-widget-text-editor\" data-id=\"5ea37f5\" data-element_type=\"widget\" data-e-type=\"widget\" data-widget_type=\"text-editor.default\">\n\t\t\t\t\t\t\t\t\t<p class=\"p1\">Thank you for contacting us. Our team will review the information and get in touch with you to assess your property and explain how we can help you improve its profitability.<\/p>\t\t\t\t\t\t\t\t<\/div>\n\t\t\t\t<div class=\"elementor-element elementor-element-8d588c5 elementor-widget elementor-widget-button\" data-id=\"8d588c5\" data-element_type=\"widget\" data-e-type=\"widget\" data-widget_type=\"button.default\">\n\t\t\t\t\t\t\t\t\t\t<a class=\"elementor-button elementor-button-link elementor-size-sm\" href=\"https:\/\/bebalmy.com\/en\/\">\n\t\t\t\t\t\t<span class=\"elementor-button-content-wrapper\">\n\t\t\t\t\t\t\t\t\t<span class=\"elementor-button-text\">Back to home<\/span>\n\t\t\t\t\t<\/span>\n\t\t\t\t\t<\/a>\n\t\t\t\t\t\t\t\t<\/div>\n\t\t\t\t<\/div>\n\t\t\t\t<\/div>\n\t\t<div class=\"elementor-element elementor-element-32b8457 e-con-full e-flex wpr-particle-no wpr-jarallax-no wpr-parallax-no wpr-sticky-section-no wpr-equal-height-no e-con e-child\" data-id=\"32b8457\" data-element_type=\"container\" data-e-type=\"container\">\n\t\t\t\t<div class=\"elementor-element elementor-element-8847680 elementor-widget__width-inherit elementor-widget elementor-widget-image\" data-id=\"8847680\" data-element_type=\"widget\" data-e-type=\"widget\" data-widget_type=\"image.default\">\n\t\t\t\t\t\t\t\t\t\t\t\t\t\t\t<img fetchpriority=\"high\" decoding=\"async\" width=\"885\" height=\"554\" src=\"https:\/\/bebalmy.com\/wp-content\/uploads\/2026\/03\/imagen-gracias_11zon.webp\" class=\"attachment-full size-full wp-image-9208\" alt=\"imagen gracias\" srcset=\"https:\/\/bebalmy.com\/wp-content\/uploads\/2026\/03\/imagen-gracias_11zon.webp 885w, https:\/\/bebalmy.com\/wp-content\/uploads\/2026\/03\/imagen-gracias_11zon-300x188.webp 300w, https:\/\/bebalmy.com\/wp-content\/uploads\/2026\/03\/imagen-gracias_11zon-768x481.webp 768w\" sizes=\"(max-width: 885px) 100vw, 885px\" \/>\t\t\t\t\t\t\t\t\t\t\t\t\t\t\t<\/div>\n\t\t\t\t<\/div>\n\t\t\t\t<\/div>\n\t\t\t\t\t<\/div>\n\t\t\t\t<\/div>\n\t\t\t\t<\/div>","protected":false},"excerpt":{"rendered":"<p>Gracias Recibimos tu mensaje Gracias por escribirnos. Nuestro equipo revisar\u00e1 la informaci\u00f3n y se pondr\u00e1 en contacto contigo para valorar tu vivienda y explicarte c\u00f3mo podemos ayudarte a mejorar su rentabilidad. Volver al inicio<\/p>","protected":false},"author":102,"featured_media":0,"parent":0,"menu_order":0,"comment_status":"closed","ping_status":"closed","template":"elementor_header_footer","meta":{"_acf_changed":false,"footnotes":""},"class_list":{"0":"post-11259","1":"page","2":"type-page","3":"status-publish","5":"infinite-scroll-item","6":"no-featured-image-padding"},"acf":[],"yoast_head":"<!-- This site is optimized with the Yoast SEO plugin v27.5 - https:\/\/yoast.com\/product\/yoast-seo-wordpress\/ -->\n<title>Gracias contacto - beBalmy<\/title>\n<meta name=\"robots\" content=\"index, follow, max-snippet:-1, max-image-preview:large, max-video-preview:-1\" \/>\n<link rel=\"canonical\" href=\"https:\/\/bebalmy.com\/en\/gracias-contacto\/\" \/>\n<meta property=\"og:locale\" content=\"en_US\" \/>\n<meta property=\"og:type\" content=\"article\" \/>\n<meta property=\"og:title\" content=\"Gracias contacto - beBalmy\" \/>\n<meta property=\"og:description\" content=\"Gracias Recibimos tu mensaje Gracias por escribirnos. Nuestro equipo revisar\u00e1 la informaci\u00f3n y se pondr\u00e1 en contacto contigo para valorar tu vivienda y explicarte c\u00f3mo podemos ayudarte a mejorar su rentabilidad. Volver al inicio\" \/>\n<meta property=\"og:url\" content=\"https:\/\/bebalmy.com\/en\/gracias-contacto\/\" \/>\n<meta property=\"og:site_name\" content=\"beBalmy\" \/>\n<meta property=\"article:modified_time\" content=\"2026-04-10T22:15:22+00:00\" \/>\n<meta property=\"og:image\" content=\"https:\/\/bebalmy.com\/wp-content\/uploads\/2026\/03\/imagen-gracias_11zon.webp\" \/>\n\t<meta property=\"og:image:width\" content=\"885\" \/>\n\t<meta property=\"og:image:height\" content=\"554\" \/>\n\t<meta property=\"og:image:type\" content=\"image\/webp\" \/>\n<meta name=\"twitter:card\" content=\"summary_large_image\" \/>\n<meta name=\"twitter:label1\" content=\"Est. reading time\" \/>\n\t<meta name=\"twitter:data1\" content=\"1 minute\" \/>\n<!-- \/ Yoast SEO plugin. -->","yoast_head_json":{"title":"Gracias contacto - beBalmy","robots":{"index":"index","follow":"follow","max-snippet":"max-snippet:-1","max-image-preview":"max-image-preview:large","max-video-preview":"max-video-preview:-1"},"canonical":"https:\/\/bebalmy.com\/en\/gracias-contacto\/","og_locale":"en_US","og_type":"article","og_title":"Gracias contacto - beBalmy","og_description":"Gracias Recibimos tu mensaje Gracias por escribirnos. Nuestro equipo revisar\u00e1 la informaci\u00f3n y se pondr\u00e1 en contacto contigo para valorar tu vivienda y explicarte c\u00f3mo podemos ayudarte a mejorar su rentabilidad. Volver al inicio","og_url":"https:\/\/bebalmy.com\/en\/gracias-contacto\/","og_site_name":"beBalmy","article_modified_time":"2026-04-10T22:15:22+00:00","og_image":[{"width":885,"height":554,"url":"https:\/\/bebalmy.com\/wp-content\/uploads\/2026\/03\/imagen-gracias_11zon.webp","type":"image\/webp"}],"twitter_card":"summary_large_image","twitter_misc":{"Est. reading time":"1 minute"},"schema":{"@context":"https:\/\/schema.org","@graph":[{"@type":"WebPage","@id":"https:\/\/bebalmy.com\/gracias-contacto\/","url":"https:\/\/bebalmy.com\/gracias-contacto\/","name":"Gracias contacto - beBalmy","isPartOf":{"@id":"https:\/\/bebalmy.com\/#website"},"primaryImageOfPage":{"@id":"https:\/\/bebalmy.com\/gracias-contacto\/#primaryimage"},"image":{"@id":"https:\/\/bebalmy.com\/gracias-contacto\/#primaryimage"},"thumbnailUrl":"https:\/\/bebalmy.com\/wp-content\/uploads\/2026\/03\/imagen-gracias_11zon.webp","datePublished":"2026-04-08T00:37:14+00:00","dateModified":"2026-04-10T22:15:22+00:00","breadcrumb":{"@id":"https:\/\/bebalmy.com\/gracias-contacto\/#breadcrumb"},"inLanguage":"en-US","potentialAction":[{"@type":"ReadAction","target":["https:\/\/bebalmy.com\/gracias-contacto\/"]}]},{"@type":"ImageObject","inLanguage":"en-US","@id":"https:\/\/bebalmy.com\/gracias-contacto\/#primaryimage","url":"https:\/\/bebalmy.com\/wp-content\/uploads\/2026\/03\/imagen-gracias_11zon.webp","contentUrl":"https:\/\/bebalmy.com\/wp-content\/uploads\/2026\/03\/imagen-gracias_11zon.webp"},{"@type":"BreadcrumbList","@id":"https:\/\/bebalmy.com\/gracias-contacto\/#breadcrumb","itemListElement":[{"@type":"ListItem","position":1,"name":"Portada","item":"https:\/\/bebalmy.com\/"},{"@type":"ListItem","position":2,"name":"Gracias contacto"}]},{"@type":"WebSite","@id":"https:\/\/bebalmy.com\/#website","url":"https:\/\/bebalmy.com\/","name":"beBalmy","description":"Gestionamos tu apartamento tur\u00edstico en Madrid","publisher":{"@id":"https:\/\/bebalmy.com\/#organization"},"potentialAction":[{"@type":"SearchAction","target":{"@type":"EntryPoint","urlTemplate":"https:\/\/bebalmy.com\/?s={search_term_string}"},"query-input":{"@type":"PropertyValueSpecification","valueRequired":true,"valueName":"search_term_string"}}],"inLanguage":"en-US"},{"@type":"Organization","@id":"https:\/\/bebalmy.com\/#organization","name":"beBalmy","url":"https:\/\/bebalmy.com\/","logo":{"@type":"ImageObject","inLanguage":"en-US","@id":"https:\/\/bebalmy.com\/#\/schema\/logo\/image\/","url":"https:\/\/bebalmy.com\/wp-content\/uploads\/2023\/08\/beBalmy-logoFinal2.png","contentUrl":"https:\/\/bebalmy.com\/wp-content\/uploads\/2023\/08\/beBalmy-logoFinal2.png","width":1367,"height":531,"caption":"beBalmy"},"image":{"@id":"https:\/\/bebalmy.com\/#\/schema\/logo\/image\/"}}]}},"_links":{"self":[{"href":"https:\/\/bebalmy.com\/en\/wp-json\/wp\/v2\/pages\/11259","targetHints":{"allow":["GET"]}}],"collection":[{"href":"https:\/\/bebalmy.com\/en\/wp-json\/wp\/v2\/pages"}],"about":[{"href":"https:\/\/bebalmy.com\/en\/wp-json\/wp\/v2\/types\/page"}],"author":[{"embeddable":true,"href":"https:\/\/bebalmy.com\/en\/wp-json\/wp\/v2\/users\/102"}],"replies":[{"embeddable":true,"href":"https:\/\/bebalmy.com\/en\/wp-json\/wp\/v2\/comments?post=11259"}],"version-history":[{"count":4,"href":"https:\/\/bebalmy.com\/en\/wp-json\/wp\/v2\/pages\/11259\/revisions"}],"predecessor-version":[{"id":11744,"href":"https:\/\/bebalmy.com\/en\/wp-json\/wp\/v2\/pages\/11259\/revisions\/11744"}],"wp:attachment":[{"href":"https:\/\/bebalmy.com\/en\/wp-json\/wp\/v2\/media?parent=11259"}],"curies":[{"name":"wp","href":"https:\/\/api.w.org\/{rel}","templated":true}]}}