{"id":12248,"date":"2026-04-30T11:07:44","date_gmt":"2026-04-30T11:07:44","guid":{"rendered":"https:\/\/bebalmy.com\/?page_id=12248"},"modified":"2026-04-30T11:18:31","modified_gmt":"2026-04-30T11:18:31","slug":"licencia-de-holiday-home","status":"publish","type":"page","link":"https:\/\/bebalmy.com\/en\/ae\/licencia-de-holiday-home\/","title":{"rendered":"Holiday Home License"},"content":{"rendered":"\t\t<div data-elementor-type=\"wp-page\" data-elementor-id=\"12248\" class=\"elementor elementor-12248\" data-elementor-post-type=\"page\">\n\t\t\t\t<div class=\"elementor-element elementor-element-4401b4c e-flex e-con-boxed wpr-particle-no wpr-jarallax-no wpr-parallax-no wpr-sticky-section-no wpr-equal-height-no e-con e-parent\" data-id=\"4401b4c\" data-element_type=\"container\" data-e-type=\"container\" data-settings=\"{&quot;background_background&quot;:&quot;classic&quot;,&quot;background_motion_fx_motion_fx_scrolling&quot;:&quot;yes&quot;,&quot;background_motion_fx_scale_effect&quot;:&quot;yes&quot;,&quot;background_motion_fx_scale_speed&quot;:{&quot;unit&quot;:&quot;px&quot;,&quot;size&quot;:2,&quot;sizes&quot;:[]},&quot;background_motion_fx_scale_direction&quot;:&quot;out-in&quot;,&quot;background_motion_fx_scale_range&quot;:{&quot;unit&quot;:&quot;%&quot;,&quot;size&quot;:&quot;&quot;,&quot;sizes&quot;:{&quot;start&quot;:20,&quot;end&quot;:80}},&quot;background_motion_fx_devices&quot;:[&quot;desktop&quot;,&quot;laptop&quot;,&quot;tablet&quot;,&quot;mobile&quot;]}\">\n\t\t\t\t\t<div class=\"e-con-inner\">\n\t\t<div class=\"elementor-element elementor-element-2c9ff6e e-con-full e-flex wpr-particle-no wpr-jarallax-no wpr-parallax-no wpr-sticky-section-no wpr-equal-height-no e-con e-child\" data-id=\"2c9ff6e\" data-element_type=\"container\" data-e-type=\"container\">\n\t\t\t\t<div class=\"elementor-element elementor-element-e5eea9f elementor-widget elementor-widget-heading\" data-id=\"e5eea9f\" data-element_type=\"widget\" data-e-type=\"widget\" data-widget_type=\"heading.default\">\n\t\t\t\t\t<h1 class=\"elementor-heading-title elementor-size-default\">Obt\u00e9n tu <span>Licencia<\/span> de Holiday Home<\/h1>\t\t\t\t<\/div>\n\t\t\t\t<div class=\"elementor-element elementor-element-035a697 elementor-widget-tablet__width-inherit elementor-widget-laptop__width-inherit elementor-widget__width-initial elementor-widget elementor-widget-text-editor\" data-id=\"035a697\" data-element_type=\"widget\" data-e-type=\"widget\" data-widget_type=\"text-editor.default\">\n\t\t\t\t\t\t\t\t\t<p>En beBalmy te lo gestionamos todo, nos encargamos de todo el proceso para que t\u00fa no tengas que preocuparte.<\/p>\t\t\t\t\t\t\t\t<\/div>\n\t\t\t\t<\/div>\n\t\t\t\t\t<\/div>\n\t\t\t\t<\/div>\n\t\t<div class=\"elementor-element elementor-element-e0a286a e-flex e-con-boxed wpr-particle-no wpr-jarallax-no wpr-parallax-no wpr-sticky-section-no wpr-equal-height-no e-con e-parent\" data-id=\"e0a286a\" data-element_type=\"container\" data-e-type=\"container\" data-settings=\"{&quot;background_background&quot;:&quot;classic&quot;}\">\n\t\t\t\t\t<div class=\"e-con-inner\">\n\t\t<div class=\"elementor-element elementor-element-f31af2d e-con-full e-flex wpr-particle-no wpr-jarallax-no wpr-parallax-no wpr-sticky-section-no wpr-equal-height-no e-con e-child\" data-id=\"f31af2d\" data-element_type=\"container\" data-e-type=\"container\">\n\t\t<div class=\"elementor-element elementor-element-2b7b555 e-con-full e-flex wpr-particle-no wpr-jarallax-no wpr-parallax-no wpr-sticky-section-no wpr-equal-height-no e-con e-child\" data-id=\"2b7b555\" data-element_type=\"container\" data-e-type=\"container\">\n\t\t\t\t<div class=\"elementor-element elementor-element-19935fc elementor-widget elementor-widget-heading\" data-id=\"19935fc\" data-element_type=\"widget\" data-e-type=\"widget\" data-widget_type=\"heading.default\">\n\t\t\t\t\t<span class=\"elementor-heading-title elementor-size-default\">\u00a1TE AYUDAMOS!<\/span>\t\t\t\t<\/div>\n\t\t\t\t<div class=\"elementor-element elementor-element-c48191b elementor-widget-tablet__width-inherit elementor-widget elementor-widget-heading\" data-id=\"c48191b\" data-element_type=\"widget\" data-e-type=\"widget\" data-widget_type=\"heading.default\">\n\t\t\t\t\t<h2 class=\"elementor-heading-title elementor-size-default\">\u00bfQu\u00e9 es el Holiday Home Permit? <\/h2>\t\t\t\t<\/div>\n\t\t<div class=\"elementor-element elementor-element-9b3d7fd e-con-full e-flex wpr-particle-no wpr-jarallax-no wpr-parallax-no wpr-sticky-section-no wpr-equal-height-no e-con e-child\" data-id=\"9b3d7fd\" data-element_type=\"container\" data-e-type=\"container\">\n\t\t\t\t<div class=\"elementor-element elementor-element-9058719 elementor-widget-tablet__width-inherit elementor-widget elementor-widget-text-editor\" data-id=\"9058719\" data-element_type=\"widget\" data-e-type=\"widget\" data-widget_type=\"text-editor.default\">\n\t\t\t\t\t\t\t\t\t<p>Es la licencia oficial emitida por el DET (Department of Economy and Tourism) que autoriza legalmente el alquiler de una propiedad residencial de forma vacacional o por periodos cortos en Dub\u00e1i.<\/p><p><strong>\u26a0\ufe0f IMPORTANTE:<\/strong> \ud83d\udc49 Aunque seas el propietario leg\u00edtimo (due\u00f1o del <em>Title Deed<\/em>), es obligatorio obtener este permiso antes de anunciar tu vivienda. Operar sin \u00e9l se considera una falta grave a la normativa tur\u00edstica del Emirato.<\/p>\t\t\t\t\t\t\t\t<\/div>\n\t\t\t\t<\/div>\n\t\t\t\t<\/div>\n\t\t<div class=\"elementor-element elementor-element-4f35e54 e-con-full e-flex wpr-particle-no wpr-jarallax-no wpr-parallax-no wpr-sticky-section-no wpr-equal-height-no e-con e-child\" data-id=\"4f35e54\" data-element_type=\"container\" data-e-type=\"container\">\n\t\t\t\t<div class=\"elementor-element elementor-element-5f64edc elementor-widget__width-inherit elementor-widget elementor-widget-image\" data-id=\"5f64edc\" data-element_type=\"widget\" data-e-type=\"widget\" data-widget_type=\"image.default\">\n\t\t\t\t\t\t\t\t\t\t\t\t\t\t\t<img fetchpriority=\"high\" decoding=\"async\" width=\"1620\" height=\"1013\" src=\"https:\/\/bebalmy.com\/wp-content\/uploads\/2026\/04\/NRA.webp\" class=\"attachment-full size-full wp-image-11351\" alt=\"NRA\" srcset=\"https:\/\/bebalmy.com\/wp-content\/uploads\/2026\/04\/NRA.webp 1620w, https:\/\/bebalmy.com\/wp-content\/uploads\/2026\/04\/NRA-300x188.webp 300w, https:\/\/bebalmy.com\/wp-content\/uploads\/2026\/04\/NRA-1024x640.webp 1024w, https:\/\/bebalmy.com\/wp-content\/uploads\/2026\/04\/NRA-768x480.webp 768w, https:\/\/bebalmy.com\/wp-content\/uploads\/2026\/04\/NRA-1536x960.webp 1536w\" sizes=\"(max-width: 1620px) 100vw, 1620px\" \/>\t\t\t\t\t\t\t\t\t\t\t\t\t\t\t<\/div>\n\t\t\t\t<\/div>\n\t\t\t\t<\/div>\n\t\t\t\t\t<\/div>\n\t\t\t\t<\/div>\n\t\t<div class=\"elementor-element elementor-element-8bd385b e-flex e-con-boxed wpr-particle-no wpr-jarallax-no wpr-parallax-no wpr-sticky-section-no wpr-equal-height-no e-con e-parent\" data-id=\"8bd385b\" data-element_type=\"container\" data-e-type=\"container\" data-settings=\"{&quot;background_background&quot;:&quot;classic&quot;}\">\n\t\t\t\t\t<div class=\"e-con-inner\">\n\t\t<div class=\"elementor-element elementor-element-3d050f4 e-con-full e-flex wpr-particle-no wpr-jarallax-no wpr-parallax-no wpr-sticky-section-no wpr-equal-height-no e-con e-child\" data-id=\"3d050f4\" data-element_type=\"container\" data-e-type=\"container\">\n\t\t<div class=\"elementor-element elementor-element-eba3da7 e-con-full e-flex wpr-particle-no wpr-jarallax-no wpr-parallax-no wpr-sticky-section-no wpr-equal-height-no e-con e-child\" data-id=\"eba3da7\" data-element_type=\"container\" data-e-type=\"container\">\n\t\t\t\t<div class=\"elementor-element elementor-element-0c3ddf3 elementor-widget-tablet__width-inherit elementor-widget elementor-widget-heading\" data-id=\"0c3ddf3\" data-element_type=\"widget\" data-e-type=\"widget\" data-widget_type=\"heading.default\">\n\t\t\t\t\t<h2 class=\"elementor-heading-title elementor-size-default\">\u00bfQu\u00e9 pasa si no tienes el permiso? <\/h2>\t\t\t\t<\/div>\n\t\t<div class=\"elementor-element elementor-element-3d50663 e-con-full e-flex wpr-particle-no wpr-jarallax-no wpr-parallax-no wpr-sticky-section-no wpr-equal-height-no e-con e-child\" data-id=\"3d50663\" data-element_type=\"container\" data-e-type=\"container\">\n\t\t\t\t<div class=\"elementor-element elementor-element-069eb85 elementor-widget-tablet__width-inherit elementor-widget elementor-widget-text-editor\" data-id=\"069eb85\" data-element_type=\"widget\" data-e-type=\"widget\" data-widget_type=\"text-editor.default\">\n\t\t\t\t\t\t\t\t\t<p>Incumplir con el registro conlleva riesgos inmediatos para tu inversi\u00f3n:<\/p>\t\t\t\t\t\t\t\t<\/div>\n\t\t\t\t<div class=\"elementor-element elementor-element-631b6cb elementor-icon-list--layout-traditional elementor-list-item-link-full_width elementor-widget elementor-widget-icon-list\" data-id=\"631b6cb\" data-element_type=\"widget\" data-e-type=\"widget\" data-widget_type=\"icon-list.default\">\n\t\t\t\t\t\t\t<ul class=\"elementor-icon-list-items\">\n\t\t\t\t\t\t\t<li class=\"elementor-icon-list-item\">\n\t\t\t\t\t\t\t\t\t\t\t<span class=\"elementor-icon-list-icon\">\n\t\t\t\t\t\t\t<svg aria-hidden=\"true\" class=\"e-font-icon-svg e-fas-circle\" viewBox=\"0 0 512 512\" xmlns=\"http:\/\/www.w3.org\/2000\/svg\"><path d=\"M256 8C119 8 8 119 8 256s111 248 248 248 248-111 248-248S393 8 256 8z\"><\/path><\/svg>\t\t\t\t\t\t<\/span>\n\t\t\t\t\t\t\t\t\t\t<span class=\"elementor-icon-list-text\">Multas severas: Sanciones econ\u00f3micas que suelen empezar en los AED 5,000 y pueden aumentar en caso de reincidencia.<\/span>\n\t\t\t\t\t\t\t\t\t<\/li>\n\t\t\t\t\t\t\t\t<li class=\"elementor-icon-list-item\">\n\t\t\t\t\t\t\t\t\t\t\t<span class=\"elementor-icon-list-icon\">\n\t\t\t\t\t\t\t<svg aria-hidden=\"true\" class=\"e-font-icon-svg e-fas-circle\" viewBox=\"0 0 512 512\" xmlns=\"http:\/\/www.w3.org\/2000\/svg\"><path d=\"M256 8C119 8 8 119 8 256s111 248 248 248 248-111 248-248S393 8 256 8z\"><\/path><\/svg>\t\t\t\t\t\t<\/span>\n\t\t\t\t\t\t\t\t\t\t<span class=\"elementor-icon-list-text\">Bloqueo de plataformas: Airbnb, Booking.com y otras plataformas eliminan autom\u00e1ticamente los anuncios que no muestran un n\u00famero de licencia v\u00e1lido y verificado.<\/span>\n\t\t\t\t\t\t\t\t\t<\/li>\n\t\t\t\t\t\t\t\t<li class=\"elementor-icon-list-item\">\n\t\t\t\t\t\t\t\t\t\t\t<span class=\"elementor-icon-list-icon\">\n\t\t\t\t\t\t\t<svg aria-hidden=\"true\" class=\"e-font-icon-svg e-fas-circle\" viewBox=\"0 0 512 512\" xmlns=\"http:\/\/www.w3.org\/2000\/svg\"><path d=\"M256 8C119 8 8 119 8 256s111 248 248 248 248-111 248-248S393 8 256 8z\"><\/path><\/svg>\t\t\t\t\t\t<\/span>\n\t\t\t\t\t\t\t\t\t\t<span class=\"elementor-icon-list-text\">Inhabilitaci\u00f3n: Riesgo de que el DET te proh\u00edba gestionar alquileres vacacionales en el futuro.<\/span>\n\t\t\t\t\t\t\t\t\t<\/li>\n\t\t\t\t\t\t\t\t<li class=\"elementor-icon-list-item\">\n\t\t\t\t\t\t\t\t\t\t\t<span class=\"elementor-icon-list-icon\">\n\t\t\t\t\t\t\t<svg aria-hidden=\"true\" class=\"e-font-icon-svg e-fas-circle\" viewBox=\"0 0 512 512\" xmlns=\"http:\/\/www.w3.org\/2000\/svg\"><path d=\"M256 8C119 8 8 119 8 256s111 248 248 248 248-111 248-248S393 8 256 8z\"><\/path><\/svg>\t\t\t\t\t\t<\/span>\n\t\t\t\t\t\t\t\t\t\t<span class=\"elementor-icon-list-text\">Falta de cobertura: Los seguros de responsabilidad civil obligatorios no tendr\u00e1n validez si la actividad es ilegal.<\/span>\n\t\t\t\t\t\t\t\t\t<\/li>\n\t\t\t\t\t\t<\/ul>\n\t\t\t\t\t\t<\/div>\n\t\t\t\t<\/div>\n\t\t\t\t<\/div>\n\t\t<div class=\"elementor-element elementor-element-1146d88 e-con-full e-flex wpr-particle-no wpr-jarallax-no wpr-parallax-no wpr-sticky-section-no wpr-equal-height-no e-con e-child\" data-id=\"1146d88\" data-element_type=\"container\" data-e-type=\"container\">\n\t\t\t\t<div class=\"elementor-element elementor-element-c551804 elementor-widget__width-inherit elementor-widget elementor-widget-image\" data-id=\"c551804\" data-element_type=\"widget\" data-e-type=\"widget\" data-widget_type=\"image.default\">\n\t\t\t\t\t\t\t\t\t\t\t\t\t\t\t<img decoding=\"async\" width=\"1536\" height=\"666\" src=\"https:\/\/bebalmy.com\/wp-content\/uploads\/2026\/04\/como-te-ayudamos.webp\" class=\"attachment-full size-full wp-image-11363\" alt=\"como te ayudamos\" srcset=\"https:\/\/bebalmy.com\/wp-content\/uploads\/2026\/04\/como-te-ayudamos.webp 1536w, https:\/\/bebalmy.com\/wp-content\/uploads\/2026\/04\/como-te-ayudamos-300x130.webp 300w, https:\/\/bebalmy.com\/wp-content\/uploads\/2026\/04\/como-te-ayudamos-1024x444.webp 1024w, https:\/\/bebalmy.com\/wp-content\/uploads\/2026\/04\/como-te-ayudamos-768x333.webp 768w\" sizes=\"(max-width: 1536px) 100vw, 1536px\" \/>\t\t\t\t\t\t\t\t\t\t\t\t\t\t\t<\/div>\n\t\t\t\t<\/div>\n\t\t\t\t<\/div>\n\t\t\t\t\t<\/div>\n\t\t\t\t<\/div>\n\t\t<div class=\"elementor-element elementor-element-561336e e-flex e-con-boxed wpr-particle-no wpr-jarallax-no wpr-parallax-no wpr-sticky-section-no wpr-equal-height-no e-con e-parent\" data-id=\"561336e\" data-element_type=\"container\" data-e-type=\"container\" data-settings=\"{&quot;background_background&quot;:&quot;classic&quot;}\">\n\t\t\t\t\t<div class=\"e-con-inner\">\n\t\t<div class=\"elementor-element elementor-element-ee6f33c e-con-full e-flex wpr-particle-no wpr-jarallax-no wpr-parallax-no wpr-sticky-section-no wpr-equal-height-no e-con e-child\" data-id=\"ee6f33c\" data-element_type=\"container\" data-e-type=\"container\">\n\t\t<div class=\"elementor-element elementor-element-7ea782c e-con-full e-flex wpr-particle-no wpr-jarallax-no wpr-parallax-no wpr-sticky-section-no wpr-equal-height-no e-con e-child\" data-id=\"7ea782c\" data-element_type=\"container\" data-e-type=\"container\">\n\t\t\t\t<div class=\"elementor-element elementor-element-db97635 elementor-widget elementor-widget-heading\" data-id=\"db97635\" data-element_type=\"widget\" data-e-type=\"widget\" data-widget_type=\"heading.default\">\n\t\t\t\t\t<h2 class=\"elementor-heading-title elementor-size-default\">Nuestra Licencia<\/h2>\t\t\t\t<\/div>\n\t\t\t\t<div class=\"elementor-element elementor-element-6d8b7de elementor-widget-tablet__width-inherit elementor-widget elementor-widget-text-editor\" data-id=\"6d8b7de\" data-element_type=\"widget\" data-e-type=\"widget\" data-widget_type=\"text-editor.default\">\n\t\t\t\t\t\t\t\t\t<p>La existencia del permiso ha estado desde el 2012 pero desde el 1 de julio de 2025, es obligatorio contar con el n\u00famero de registro de vivienda vacacional para operar legalmente en plataformas como Airbnb, Booking y Vrbo. Si no lo tienes, tu anuncio puede ser eliminado en cualquier momento.<\/p>\t\t\t\t\t\t\t\t<\/div>\n\t\t\t\t<\/div>\n\t\t<div class=\"elementor-element elementor-element-051b84d e-con-full e-flex wpr-particle-no wpr-jarallax-no wpr-parallax-no wpr-sticky-section-no wpr-equal-height-no e-con e-child\" data-id=\"051b84d\" data-element_type=\"container\" data-e-type=\"container\" data-settings=\"{&quot;background_background&quot;:&quot;classic&quot;}\">\n\t\t\t\t<div class=\"elementor-element elementor-element-5c0c0c4 elementor-widget-mobile__width-inherit elementor-widget elementor-widget-counter\" data-id=\"5c0c0c4\" data-element_type=\"widget\" data-e-type=\"widget\" data-widget_type=\"counter.default\">\n\t\t\t\t\t\t\t<div class=\"elementor-counter\">\n\t\t\t<div class=\"elementor-counter-title\">Licencia Holiday Home<\/div>\t\t\t<div class=\"elementor-counter-number-wrapper\">\n\t\t\t\t<span class=\"elementor-counter-number-prefix\"><\/span>\n\t\t\t\t<span class=\"elementor-counter-number\" data-duration=\"2000\" data-to-value=\"1500\" data-from-value=\"0\" data-delimiter=\",\">0<\/span>\n\t\t\t\t<span class=\"elementor-counter-number-suffix\"> AED<\/span>\n\t\t\t<\/div>\n\t\t<\/div>\n\t\t\t\t\t\t<\/div>\n\t\t\t\t<\/div>\n\t\t\t\t<\/div>\n\t\t\t\t\t<\/div>\n\t\t\t\t<\/div>\n\t\t<div class=\"elementor-element elementor-element-0267c3e e-flex e-con-boxed wpr-particle-no wpr-jarallax-no wpr-parallax-no wpr-sticky-section-no wpr-equal-height-no e-con e-parent\" data-id=\"0267c3e\" data-element_type=\"container\" data-e-type=\"container\" data-settings=\"{&quot;background_background&quot;:&quot;classic&quot;}\">\n\t\t\t\t\t<div class=\"e-con-inner\">\n\t\t<div class=\"elementor-element elementor-element-a7ce176 e-con-full e-flex wpr-particle-no wpr-jarallax-no wpr-parallax-no wpr-sticky-section-no wpr-equal-height-no e-con e-child\" data-id=\"a7ce176\" data-element_type=\"container\" data-e-type=\"container\">\n\t\t\t\t<div class=\"elementor-element elementor-element-a9e92e1 elementor-widget elementor-widget-heading\" data-id=\"a9e92e1\" data-element_type=\"widget\" data-e-type=\"widget\" data-widget_type=\"heading.default\">\n\t\t\t\t\t<span class=\"elementor-heading-title elementor-size-default\">CONT\u00c1CTANOS<\/span>\t\t\t\t<\/div>\n\t\t\t\t<div class=\"elementor-element elementor-element-abf9a36 elementor-widget-tablet__width-inherit elementor-widget__width-initial elementor-widget elementor-widget-heading\" data-id=\"abf9a36\" data-element_type=\"widget\" data-e-type=\"widget\" data-widget_type=\"heading.default\">\n\t\t\t\t\t<h2 class=\"elementor-heading-title elementor-size-default\">\u00bfEst\u00e1s preparado para\u00a0ganar m\u00e1s dinero\u00a0con tu vivienda?<\/h2>\t\t\t\t<\/div>\n\t\t\t\t<\/div>\n\t\t\t\t<div class=\"elementor-element elementor-element-feeb301 elementor-invisible elementor-widget elementor-widget-button\" data-id=\"feeb301\" data-element_type=\"widget\" data-e-type=\"widget\" data-settings=\"{&quot;_animation&quot;:&quot;fadeInUp&quot;}\" data-widget_type=\"button.default\">\n\t\t\t\t\t\t\t\t\t\t<a class=\"elementor-button elementor-button-link elementor-size-sm\" href=\"https:\/\/bebalmy.com\/contacto\/\">\n\t\t\t\t\t\t<span class=\"elementor-button-content-wrapper\">\n\t\t\t\t\t\t<span class=\"elementor-button-icon\">\n\t\t\t\t<svg xmlns=\"http:\/\/www.w3.org\/2000\/svg\" width=\"20\" height=\"20\" viewBox=\"0 0 20 20\" fill=\"none\"><path d=\"M20 8L10 0L0 8V10H2V20H7V16C7 15.2044 7.31607 14.4413 7.87868 13.8787C8.44129 13.3161 9.20435 13 10 13C10.7956 13 11.5587 13.3161 12.1213 13.8787C12.6839 14.4413 13 15.2044 13 16V20H18V10H20V8Z\" fill=\"white\"><\/path><\/svg>\t\t\t<\/span>\n\t\t\t\t\t\t\t\t\t<span class=\"elementor-button-text\">Contactar ahora<\/span>\n\t\t\t\t\t<\/span>\n\t\t\t\t\t<\/a>\n\t\t\t\t\t\t\t\t<\/div>\n\t\t\t\t\t<\/div>\n\t\t\t\t<\/div>\n\t\t\t\t<\/div>\n\t\t","protected":false},"excerpt":{"rendered":"<p>Obt\u00e9n tu Licencia de Holiday Home En beBalmy te lo gestionamos todo, nos encargamos de todo el proceso para que t\u00fa no tengas que preocuparte. \u00a1TE AYUDAMOS! \u00bfQu\u00e9 es el Holiday Home Permit? Es la licencia oficial emitida por el DET (Department of Economy and Tourism) que autoriza legalmente el<\/p>","protected":false},"author":102,"featured_media":0,"parent":11992,"menu_order":0,"comment_status":"closed","ping_status":"closed","template":"elementor_header_footer","meta":{"_acf_changed":false,"footnotes":""},"class_list":{"0":"post-12248","1":"page","2":"type-page","3":"status-publish","5":"infinite-scroll-item","6":"no-featured-image-padding"},"acf":[],"yoast_head":"<!-- This site is optimized with the Yoast SEO plugin v27.5 - https:\/\/yoast.com\/product\/yoast-seo-wordpress\/ -->\n<title>Licencia de holiday home - beBalmy<\/title>\n<meta name=\"robots\" content=\"index, follow, max-snippet:-1, max-image-preview:large, max-video-preview:-1\" \/>\n<link rel=\"canonical\" href=\"https:\/\/bebalmy.com\/en\/ae\/licencia-de-holiday-home\/\" \/>\n<meta property=\"og:locale\" content=\"en_US\" \/>\n<meta property=\"og:type\" content=\"article\" \/>\n<meta property=\"og:title\" content=\"Licencia de holiday home - beBalmy\" \/>\n<meta property=\"og:description\" content=\"Obt\u00e9n tu Licencia de Holiday Home En beBalmy te lo gestionamos todo, nos encargamos de todo el proceso para que t\u00fa no tengas que preocuparte. \u00a1TE AYUDAMOS! \u00bfQu\u00e9 es el Holiday Home Permit? Es la licencia oficial emitida por el DET (Department of Economy and Tourism) que autoriza legalmente el\" \/>\n<meta property=\"og:url\" content=\"https:\/\/bebalmy.com\/en\/ae\/licencia-de-holiday-home\/\" \/>\n<meta property=\"og:site_name\" content=\"beBalmy\" \/>\n<meta property=\"article:modified_time\" content=\"2026-04-30T11:18:31+00:00\" \/>\n<meta property=\"og:image\" content=\"https:\/\/bebalmy.com\/wp-content\/uploads\/2026\/04\/NRA.webp\" \/>\n<meta name=\"twitter:card\" content=\"summary_large_image\" \/>\n<meta name=\"twitter:label1\" content=\"Est. reading time\" \/>\n\t<meta name=\"twitter:data1\" content=\"2 minutes\" \/>\n<!-- \/ Yoast SEO plugin. -->","yoast_head_json":{"title":"Licencia de holiday home - beBalmy","robots":{"index":"index","follow":"follow","max-snippet":"max-snippet:-1","max-image-preview":"max-image-preview:large","max-video-preview":"max-video-preview:-1"},"canonical":"https:\/\/bebalmy.com\/en\/ae\/licencia-de-holiday-home\/","og_locale":"en_US","og_type":"article","og_title":"Licencia de holiday home - beBalmy","og_description":"Obt\u00e9n tu Licencia de Holiday Home En beBalmy te lo gestionamos todo, nos encargamos de todo el proceso para que t\u00fa no tengas que preocuparte. \u00a1TE AYUDAMOS! \u00bfQu\u00e9 es el Holiday Home Permit? Es la licencia oficial emitida por el DET (Department of Economy and Tourism) que autoriza legalmente el","og_url":"https:\/\/bebalmy.com\/en\/ae\/licencia-de-holiday-home\/","og_site_name":"beBalmy","article_modified_time":"2026-04-30T11:18:31+00:00","og_image":[{"url":"https:\/\/bebalmy.com\/wp-content\/uploads\/2026\/04\/NRA.webp","type":"","width":"","height":""}],"twitter_card":"summary_large_image","twitter_misc":{"Est. reading time":"2 minutes"},"schema":{"@context":"https:\/\/schema.org","@graph":[{"@type":"WebPage","@id":"https:\/\/bebalmy.com\/ae\/licencia-de-holiday-home\/","url":"https:\/\/bebalmy.com\/ae\/licencia-de-holiday-home\/","name":"Licencia de holiday home - beBalmy","isPartOf":{"@id":"https:\/\/bebalmy.com\/#website"},"primaryImageOfPage":{"@id":"https:\/\/bebalmy.com\/ae\/licencia-de-holiday-home\/#primaryimage"},"image":{"@id":"https:\/\/bebalmy.com\/ae\/licencia-de-holiday-home\/#primaryimage"},"thumbnailUrl":"https:\/\/bebalmy.com\/wp-content\/uploads\/2026\/04\/NRA.webp","datePublished":"2026-04-30T11:07:44+00:00","dateModified":"2026-04-30T11:18:31+00:00","breadcrumb":{"@id":"https:\/\/bebalmy.com\/ae\/licencia-de-holiday-home\/#breadcrumb"},"inLanguage":"en-US","potentialAction":[{"@type":"ReadAction","target":["https:\/\/bebalmy.com\/ae\/licencia-de-holiday-home\/"]}]},{"@type":"ImageObject","inLanguage":"en-US","@id":"https:\/\/bebalmy.com\/ae\/licencia-de-holiday-home\/#primaryimage","url":"https:\/\/bebalmy.com\/wp-content\/uploads\/2026\/04\/NRA.webp","contentUrl":"https:\/\/bebalmy.com\/wp-content\/uploads\/2026\/04\/NRA.webp"},{"@type":"BreadcrumbList","@id":"https:\/\/bebalmy.com\/ae\/licencia-de-holiday-home\/#breadcrumb","itemListElement":[{"@type":"ListItem","position":1,"name":"Portada","item":"https:\/\/bebalmy.com\/"},{"@type":"ListItem","position":2,"name":"Inicio","item":"https:\/\/bebalmy.com\/ae\/"},{"@type":"ListItem","position":3,"name":"Licencia de holiday home"}]},{"@type":"WebSite","@id":"https:\/\/bebalmy.com\/#website","url":"https:\/\/bebalmy.com\/","name":"beBalmy","description":"Gestionamos tu apartamento tur\u00edstico en Madrid","publisher":{"@id":"https:\/\/bebalmy.com\/#organization"},"potentialAction":[{"@type":"SearchAction","target":{"@type":"EntryPoint","urlTemplate":"https:\/\/bebalmy.com\/?s={search_term_string}"},"query-input":{"@type":"PropertyValueSpecification","valueRequired":true,"valueName":"search_term_string"}}],"inLanguage":"en-US"},{"@type":"Organization","@id":"https:\/\/bebalmy.com\/#organization","name":"beBalmy","url":"https:\/\/bebalmy.com\/","logo":{"@type":"ImageObject","inLanguage":"en-US","@id":"https:\/\/bebalmy.com\/#\/schema\/logo\/image\/","url":"https:\/\/bebalmy.com\/wp-content\/uploads\/2023\/08\/beBalmy-logoFinal2.png","contentUrl":"https:\/\/bebalmy.com\/wp-content\/uploads\/2023\/08\/beBalmy-logoFinal2.png","width":1367,"height":531,"caption":"beBalmy"},"image":{"@id":"https:\/\/bebalmy.com\/#\/schema\/logo\/image\/"}}]}},"_links":{"self":[{"href":"https:\/\/bebalmy.com\/en\/wp-json\/wp\/v2\/pages\/12248","targetHints":{"allow":["GET"]}}],"collection":[{"href":"https:\/\/bebalmy.com\/en\/wp-json\/wp\/v2\/pages"}],"about":[{"href":"https:\/\/bebalmy.com\/en\/wp-json\/wp\/v2\/types\/page"}],"author":[{"embeddable":true,"href":"https:\/\/bebalmy.com\/en\/wp-json\/wp\/v2\/users\/102"}],"replies":[{"embeddable":true,"href":"https:\/\/bebalmy.com\/en\/wp-json\/wp\/v2\/comments?post=12248"}],"version-history":[{"count":19,"href":"https:\/\/bebalmy.com\/en\/wp-json\/wp\/v2\/pages\/12248\/revisions"}],"predecessor-version":[{"id":12268,"href":"https:\/\/bebalmy.com\/en\/wp-json\/wp\/v2\/pages\/12248\/revisions\/12268"}],"up":[{"embeddable":true,"href":"https:\/\/bebalmy.com\/en\/wp-json\/wp\/v2\/pages\/11992"}],"wp:attachment":[{"href":"https:\/\/bebalmy.com\/en\/wp-json\/wp\/v2\/media?parent=12248"}],"curies":[{"name":"wp","href":"https:\/\/api.w.org\/{rel}","templated":true}]}}