{"id":4518,"date":"2024-02-22T12:48:41","date_gmt":"2024-02-22T12:48:41","guid":{"rendered":"https:\/\/bebalmy.com\/?page_id=4518"},"modified":"2024-08-21T17:36:41","modified_gmt":"2024-08-21T17:36:41","slug":"colaboraciones","status":"publish","type":"page","link":"https:\/\/bebalmy.com\/en\/colaboraciones\/","title":{"rendered":"Colaboraciones"},"content":{"rendered":"<div class=\"gb-container gb-container-1874d665\"><div class=\"gb-inside-container\">\n<div class=\"gb-grid-wrapper gb-grid-wrapper-7799b95e\">\n<div class=\"gb-grid-column gb-grid-column-70fde55e\"><div class=\"gb-container gb-container-70fde55e contact-form\" id=\"contactanos\"><div class=\"gb-inside-container\">\n\n<h1 class=\"gb-headline gb-headline-896e583d gb-headline-text\"><mark style=\"background-color:rgba(0, 0, 0, 0)\" class=\"has-inline-color has-global-color-11-color\">Colaboraciones<\/mark><\/h1>\n\n\n\n<p class=\"txt-justificado\">Si conoces a alguien que tenga un piso que pueda ser adecuado para la gesti\u00f3n tur\u00edstica y est\u00e9 interesado en trabajar con nosotros, te invitamos a participar en este programa de colaboradores  y ganar una recompensa por cada referencia exitosa. La recompensa ser\u00e1 de:<\/p>\n\n\n\n<figure class=\"wp-block-table aligncenter is-style-regular tabla-colaboracion\"><table><thead><tr><th class=\"has-text-align-center\" data-align=\"center\"><mark style=\"background-color:rgba(0, 0, 0, 0)\" class=\"has-inline-color has-global-color-12-color\">Location<\/mark><\/th><th class=\"has-text-align-center\" data-align=\"center\"><mark style=\"background-color:rgba(0, 0, 0, 0)\" class=\"has-inline-color has-global-color-12-color\">Recompensa &nbsp;<\/mark><sub><mark style=\"background-color:rgba(0, 0, 0, 0)\" class=\"has-inline-color has-base-2-color\">(IVA incl.)<\/mark><\/sub><\/th><\/tr><\/thead><tbody><tr><td class=\"has-text-align-center\" data-align=\"center\">No Capital de Provincia<\/td><td class=\"has-text-align-center\" data-align=\"center\"><strong><mark style=\"background-color:rgba(0, 0, 0, 0)\" class=\"has-inline-color has-global-color-11-color\">120.00\u20ac<\/mark><\/strong><\/td><\/tr><tr><td class=\"has-text-align-center\" data-align=\"center\">Capital de Provincia<\/td><td class=\"has-text-align-center\" data-align=\"center\"><strong><mark style=\"background-color:rgba(0, 0, 0, 0)\" class=\"has-inline-color has-global-color-11-color\">240.00\u20ac<\/mark><\/strong><\/td><\/tr><tr><td class=\"has-text-align-center\" data-align=\"center\">Madrid <sub><mark style=\"background-color:rgba(0, 0, 0, 0)\" class=\"has-inline-color has-base-color\">(dentro de M30)<\/mark><\/sub><\/td><td class=\"has-text-align-center\" data-align=\"center\"><strong><mark style=\"background-color:rgba(0, 0, 0, 0)\" class=\"has-inline-color has-global-color-11-color\">500.00\u20ac<\/mark><\/strong><\/td><\/tr><\/tbody><\/table><\/figure>\n\n\n\n<p class=\"txt-justificado\">Se realizar\u00e1 el pago de la mitad a la&nbsp;<strong><em>f<\/em><\/strong><em><strong>irma del contrato<\/strong><\/em>&nbsp;y la otra mitad tras los&nbsp;<strong><em>3 meses&nbsp;<\/em><\/strong>de gesti\u00f3n activa del inmueble.<\/p>\n\n\n\n<p class=\"contact-datos\" style=\"font-size:1.15em\">Para m\u00e1s informaci\u00f3n, no dudes en contactarnos en <strong><a href=\"mailto:info@bebalmy.com\">info@bebalmy.com<\/a><\/strong><\/p>\n\n\n\n<style>\n#footer-widgets , #menu-cta-movil{\n\tdisplay:none;\n}\n<\/style>\n\n<\/div><\/div><\/div>\n\n<div class=\"gb-grid-column gb-grid-column-1a0b86ef\"><div class=\"gb-container gb-container-1a0b86ef visible-pc\"><div class=\"gb-inside-container\">\n<div class=\"wp-block-image contact-foto is-style-default, visible-pc\">\n<figure class=\"alignright size-large is-resized\"><img fetchpriority=\"high\" decoding=\"async\" width=\"690\" height=\"1024\" src=\"https:\/\/bebalmy.com\/wp-content\/uploads\/2024\/02\/apreton-bebalmy-690x1024.png\" alt=\"Colaboraci\u00f3n beBalmy\" class=\"wp-image-4528\" style=\"width:420px;height:622px\" srcset=\"https:\/\/bebalmy.com\/wp-content\/uploads\/2024\/02\/apreton-bebalmy-690x1024.png 690w, https:\/\/bebalmy.com\/wp-content\/uploads\/2024\/02\/apreton-bebalmy-202x300.png 202w, https:\/\/bebalmy.com\/wp-content\/uploads\/2024\/02\/apreton-bebalmy-768x1140.png 768w, https:\/\/bebalmy.com\/wp-content\/uploads\/2024\/02\/apreton-bebalmy.png 838w\" sizes=\"(max-width: 690px) 100vw, 690px\" \/><\/figure>\n<\/div>\n<\/div><\/div><\/div>\n<\/div>\n<\/div><\/div>","protected":false},"excerpt":{"rendered":"","protected":false},"author":1,"featured_media":4528,"parent":0,"menu_order":0,"comment_status":"closed","ping_status":"closed","template":"","meta":{"_acf_changed":false,"footnotes":""},"class_list":{"0":"post-4518","1":"page","2":"type-page","3":"status-publish","4":"has-post-thumbnail","6":"infinite-scroll-item","7":"no-featured-image-padding"},"acf":[],"yoast_head":"<!-- This site is optimized with the Yoast SEO plugin v27.5 - https:\/\/yoast.com\/product\/yoast-seo-wordpress\/ -->\n<title>Colaboraciones - beBalmy<\/title>\n<meta name=\"robots\" content=\"index, follow, max-snippet:-1, max-image-preview:large, max-video-preview:-1\" \/>\n<link rel=\"canonical\" href=\"https:\/\/bebalmy.com\/en\/colaboraciones\/\" \/>\n<meta property=\"og:locale\" content=\"en_US\" \/>\n<meta property=\"og:type\" content=\"article\" \/>\n<meta property=\"og:title\" content=\"Colaboraciones - beBalmy\" \/>\n<meta property=\"og:url\" content=\"https:\/\/bebalmy.com\/en\/colaboraciones\/\" \/>\n<meta property=\"og:site_name\" content=\"beBalmy\" \/>\n<meta property=\"article:modified_time\" content=\"2024-08-21T17:36:41+00:00\" \/>\n<meta property=\"og:image\" content=\"https:\/\/bebalmy.com\/wp-content\/uploads\/2024\/02\/apreton-bebalmy.png\" \/>\n\t<meta property=\"og:image:width\" content=\"838\" \/>\n\t<meta property=\"og:image:height\" content=\"1244\" \/>\n\t<meta property=\"og:image:type\" content=\"image\/png\" \/>\n<meta name=\"twitter:card\" content=\"summary_large_image\" \/>\n<meta name=\"twitter:label1\" content=\"Est. reading time\" \/>\n\t<meta name=\"twitter:data1\" content=\"1 minute\" \/>\n<!-- \/ Yoast SEO plugin. -->","yoast_head_json":{"title":"Colaboraciones - beBalmy","robots":{"index":"index","follow":"follow","max-snippet":"max-snippet:-1","max-image-preview":"max-image-preview:large","max-video-preview":"max-video-preview:-1"},"canonical":"https:\/\/bebalmy.com\/en\/colaboraciones\/","og_locale":"en_US","og_type":"article","og_title":"Colaboraciones - beBalmy","og_url":"https:\/\/bebalmy.com\/en\/colaboraciones\/","og_site_name":"beBalmy","article_modified_time":"2024-08-21T17:36:41+00:00","og_image":[{"width":838,"height":1244,"url":"https:\/\/bebalmy.com\/wp-content\/uploads\/2024\/02\/apreton-bebalmy.png","type":"image\/png"}],"twitter_card":"summary_large_image","twitter_misc":{"Est. reading time":"1 minute"},"schema":{"@context":"https:\/\/schema.org","@graph":[{"@type":"WebPage","@id":"https:\/\/bebalmy.com\/colaboraciones\/","url":"https:\/\/bebalmy.com\/colaboraciones\/","name":"Colaboraciones - beBalmy","isPartOf":{"@id":"https:\/\/bebalmy.com\/#website"},"primaryImageOfPage":{"@id":"https:\/\/bebalmy.com\/colaboraciones\/#primaryimage"},"image":{"@id":"https:\/\/bebalmy.com\/colaboraciones\/#primaryimage"},"thumbnailUrl":"https:\/\/bebalmy.com\/wp-content\/uploads\/2024\/02\/apreton-bebalmy.png","datePublished":"2024-02-22T12:48:41+00:00","dateModified":"2024-08-21T17:36:41+00:00","breadcrumb":{"@id":"https:\/\/bebalmy.com\/colaboraciones\/#breadcrumb"},"inLanguage":"en-US","potentialAction":[{"@type":"ReadAction","target":["https:\/\/bebalmy.com\/colaboraciones\/"]}]},{"@type":"ImageObject","inLanguage":"en-US","@id":"https:\/\/bebalmy.com\/colaboraciones\/#primaryimage","url":"https:\/\/bebalmy.com\/wp-content\/uploads\/2024\/02\/apreton-bebalmy.png","contentUrl":"https:\/\/bebalmy.com\/wp-content\/uploads\/2024\/02\/apreton-bebalmy.png","width":838,"height":1244,"caption":"Colaboraci\u00f3n beBalmy"},{"@type":"BreadcrumbList","@id":"https:\/\/bebalmy.com\/colaboraciones\/#breadcrumb","itemListElement":[{"@type":"ListItem","position":1,"name":"Portada","item":"https:\/\/bebalmy.com\/"},{"@type":"ListItem","position":2,"name":"Colaboraciones"}]},{"@type":"WebSite","@id":"https:\/\/bebalmy.com\/#website","url":"https:\/\/bebalmy.com\/","name":"beBalmy","description":"Gestionamos tu apartamento tur\u00edstico en Madrid","publisher":{"@id":"https:\/\/bebalmy.com\/#organization"},"potentialAction":[{"@type":"SearchAction","target":{"@type":"EntryPoint","urlTemplate":"https:\/\/bebalmy.com\/?s={search_term_string}"},"query-input":{"@type":"PropertyValueSpecification","valueRequired":true,"valueName":"search_term_string"}}],"inLanguage":"en-US"},{"@type":"Organization","@id":"https:\/\/bebalmy.com\/#organization","name":"beBalmy","url":"https:\/\/bebalmy.com\/","logo":{"@type":"ImageObject","inLanguage":"en-US","@id":"https:\/\/bebalmy.com\/#\/schema\/logo\/image\/","url":"https:\/\/bebalmy.com\/wp-content\/uploads\/2023\/08\/beBalmy-logoFinal2.png","contentUrl":"https:\/\/bebalmy.com\/wp-content\/uploads\/2023\/08\/beBalmy-logoFinal2.png","width":1367,"height":531,"caption":"beBalmy"},"image":{"@id":"https:\/\/bebalmy.com\/#\/schema\/logo\/image\/"}}]}},"_links":{"self":[{"href":"https:\/\/bebalmy.com\/en\/wp-json\/wp\/v2\/pages\/4518","targetHints":{"allow":["GET"]}}],"collection":[{"href":"https:\/\/bebalmy.com\/en\/wp-json\/wp\/v2\/pages"}],"about":[{"href":"https:\/\/bebalmy.com\/en\/wp-json\/wp\/v2\/types\/page"}],"author":[{"embeddable":true,"href":"https:\/\/bebalmy.com\/en\/wp-json\/wp\/v2\/users\/1"}],"replies":[{"embeddable":true,"href":"https:\/\/bebalmy.com\/en\/wp-json\/wp\/v2\/comments?post=4518"}],"version-history":[{"count":0,"href":"https:\/\/bebalmy.com\/en\/wp-json\/wp\/v2\/pages\/4518\/revisions"}],"wp:featuredmedia":[{"embeddable":true,"href":"https:\/\/bebalmy.com\/en\/wp-json\/wp\/v2\/media\/4528"}],"wp:attachment":[{"href":"https:\/\/bebalmy.com\/en\/wp-json\/wp\/v2\/media?parent=4518"}],"curies":[{"name":"wp","href":"https:\/\/api.w.org\/{rel}","templated":true}]}}